{"id":257,"date":"2020-09-02T10:47:09","date_gmt":"2020-09-02T07:47:09","guid":{"rendered":"https:\/\/modulux.com.tr\/?post_type=product&#038;p=257"},"modified":"2025-04-14T06:58:13","modified_gmt":"2025-04-14T03:58:13","slug":"els20x595-01ccl72-59-5-cm-sabit-akim-led-modul","status":"publish","type":"product","link":"https:\/\/modulux.com.tr\/en\/product\/els20x595-01ccl72-59-5-cm-sabit-akim-led-modul\/","title":{"rendered":"ELS20X595-01CCL72 &#8211; 59.5 CM CONSTANT CURRENT LED MODULE &#038; LED STRIP"},"content":{"rendered":"<h3><img loading=\"lazy\" decoding=\"async\" class=\"alignnone size-full wp-image-429\" src=\"https:\/\/modulux.com.tr\/en\/wp-content\/uploads\/2020\/09\/ccl72-1-1.png\" alt=\"\" width=\"2520\" height=\"586\" srcset=\"https:\/\/modulux.com.tr\/en\/wp-content\/uploads\/2020\/09\/ccl72-1-1.png 2520w, https:\/\/modulux.com.tr\/en\/wp-content\/uploads\/2020\/09\/ccl72-1-1-600x140.png 600w, https:\/\/modulux.com.tr\/en\/wp-content\/uploads\/2020\/09\/ccl72-1-1-300x70.png 300w, https:\/\/modulux.com.tr\/en\/wp-content\/uploads\/2020\/09\/ccl72-1-1-1024x238.png 1024w, https:\/\/modulux.com.tr\/en\/wp-content\/uploads\/2020\/09\/ccl72-1-1-768x179.png 768w, https:\/\/modulux.com.tr\/en\/wp-content\/uploads\/2020\/09\/ccl72-1-1-1536x357.png 1536w, https:\/\/modulux.com.tr\/en\/wp-content\/uploads\/2020\/09\/ccl72-1-1-2048x476.png 2048w\" sizes=\"auto, (max-width: 2520px) 100vw, 2520px\" \/><img loading=\"lazy\" decoding=\"async\" class=\"alignnone size-full wp-image-258\" src=\"https:\/\/modulux.com.tr\/en\/wp-content\/uploads\/2020\/09\/ELS20X595-01CCL72-DATASHEET-1.jpg\" alt=\"\" width=\"2339\" height=\"1654\" srcset=\"https:\/\/modulux.com.tr\/en\/wp-content\/uploads\/2020\/09\/ELS20X595-01CCL72-DATASHEET-1.jpg 2339w, https:\/\/modulux.com.tr\/en\/wp-content\/uploads\/2020\/09\/ELS20X595-01CCL72-DATASHEET-1-600x424.jpg 600w, https:\/\/modulux.com.tr\/en\/wp-content\/uploads\/2020\/09\/ELS20X595-01CCL72-DATASHEET-1-300x212.jpg 300w, https:\/\/modulux.com.tr\/en\/wp-content\/uploads\/2020\/09\/ELS20X595-01CCL72-DATASHEET-1-1024x724.jpg 1024w, https:\/\/modulux.com.tr\/en\/wp-content\/uploads\/2020\/09\/ELS20X595-01CCL72-DATASHEET-1-768x543.jpg 768w, https:\/\/modulux.com.tr\/en\/wp-content\/uploads\/2020\/09\/ELS20X595-01CCL72-DATASHEET-1-1536x1086.jpg 1536w, https:\/\/modulux.com.tr\/en\/wp-content\/uploads\/2020\/09\/ELS20X595-01CCL72-DATASHEET-1-2048x1448.jpg 2048w\" sizes=\"auto, (max-width: 2339px) 100vw, 2339px\" \/> USE WHATSAPP LINE FOR YOUR ORDERS<\/h3>\n","protected":false},"excerpt":{"rendered":"<h2><strong>54 volt &#8211; 350 mA Linear Armat\u00fcr vb. \u0130\u00e7in Sabit Ak\u0131m Led Mod\u00fcl<\/strong><img loading=\"lazy\" decoding=\"async\" class=\"alignnone size-full wp-image-410\" src=\"https:\/\/modulux.com.tr\/wp-content\/uploads\/2021\/09\/ccl72-e1632504936118.png\" alt=\"\" width=\"2492\" height=\"161\" srcset=\"https:\/\/modulux.com.tr\/en\/wp-content\/uploads\/2021\/09\/ccl72-e1632504936118.png 2492w, https:\/\/modulux.com.tr\/en\/wp-content\/uploads\/2021\/09\/ccl72-e1632504936118-600x39.png 600w, https:\/\/modulux.com.tr\/en\/wp-content\/uploads\/2021\/09\/ccl72-e1632504936118-300x19.png 300w, https:\/\/modulux.com.tr\/en\/wp-content\/uploads\/2021\/09\/ccl72-e1632504936118-1024x66.png 1024w, https:\/\/modulux.com.tr\/en\/wp-content\/uploads\/2021\/09\/ccl72-e1632504936118-768x50.png 768w, https:\/\/modulux.com.tr\/en\/wp-content\/uploads\/2021\/09\/ccl72-e1632504936118-1536x99.png 1536w, https:\/\/modulux.com.tr\/en\/wp-content\/uploads\/2021\/09\/ccl72-e1632504936118-2048x132.png 2048w\" sizes=\"auto, (max-width: 2492px) 100vw, 2492px\" \/><\/h2>\n","protected":false},"featured_media":410,"comment_status":"open","ping_status":"closed","template":"","meta":{"_monsterinsights_skip_tracking":false,"_monsterinsights_sitenote_active":false,"_monsterinsights_sitenote_note":"","_monsterinsights_sitenote_category":0},"product_cat":[188,106],"product_tag":[123,135,136,137,138,139,140,142,143,145,152,155,157,159,185,194],"class_list":["post-257","product","type-product","status-publish","has-post-thumbnail","hentry","product_cat-cc-led-modules","product_cat-genel","product_tag-led-modul","product_tag-linear","product_tag-linear-cubuk-led","product_tag-linear-led","product_tag-linear-pcb","product_tag-lineer","product_tag-lineer-led","product_tag-modulux","product_tag-modulux-led","product_tag-modulux-linear-led","product_tag-osram-cubuk-led","product_tag-osram-led","product_tag-osram-led-linear","product_tag-osram-led-pcb","product_tag-sabit-akim","product_tag-sarkit-led"],"_links":{"self":[{"href":"https:\/\/modulux.com.tr\/en\/wp-json\/wp\/v2\/product\/257","targetHints":{"allow":["GET"]}}],"collection":[{"href":"https:\/\/modulux.com.tr\/en\/wp-json\/wp\/v2\/product"}],"about":[{"href":"https:\/\/modulux.com.tr\/en\/wp-json\/wp\/v2\/types\/product"}],"replies":[{"embeddable":true,"href":"https:\/\/modulux.com.tr\/en\/wp-json\/wp\/v2\/comments?post=257"}],"wp:featuredmedia":[{"embeddable":true,"href":"https:\/\/modulux.com.tr\/en\/wp-json\/wp\/v2\/media\/410"}],"wp:attachment":[{"href":"https:\/\/modulux.com.tr\/en\/wp-json\/wp\/v2\/media?parent=257"}],"wp:term":[{"taxonomy":"product_cat","embeddable":true,"href":"https:\/\/modulux.com.tr\/en\/wp-json\/wp\/v2\/product_cat?post=257"},{"taxonomy":"product_tag","embeddable":true,"href":"https:\/\/modulux.com.tr\/en\/wp-json\/wp\/v2\/product_tag?post=257"}],"curies":[{"name":"wp","href":"https:\/\/api.w.org\/{rel}","templated":true}]}}