{"id":260,"date":"2020-09-02T11:23:04","date_gmt":"2020-09-02T08:23:04","guid":{"rendered":"https:\/\/modulux.com.tr\/?post_type=product&#038;p=260"},"modified":"2022-02-07T07:24:13","modified_gmt":"2022-02-07T04:24:13","slug":"gizli-aydinlatma-ledbar-urun","status":"publish","type":"product","link":"https:\/\/modulux.com.tr\/en\/product\/gizli-aydinlatma-ledbar-urun\/","title":{"rendered":"LEDBAR LUMINAIRES"},"content":{"rendered":"<p><img loading=\"lazy\" decoding=\"async\" class=\"alignnone size-full wp-image-259\" src=\"https:\/\/modulux.com.tr\/en\/wp-content\/uploads\/2018\/10\/MODULUX-GIZLI-AYDINLATMA-LEDBAR-SERITLED-MODUL-LED.jpg\" alt=\"\" width=\"1000\" height=\"899\" srcset=\"https:\/\/modulux.com.tr\/en\/wp-content\/uploads\/2018\/10\/MODULUX-GIZLI-AYDINLATMA-LEDBAR-SERITLED-MODUL-LED.jpg 1000w, https:\/\/modulux.com.tr\/en\/wp-content\/uploads\/2018\/10\/MODULUX-GIZLI-AYDINLATMA-LEDBAR-SERITLED-MODUL-LED-600x539.jpg 600w, https:\/\/modulux.com.tr\/en\/wp-content\/uploads\/2018\/10\/MODULUX-GIZLI-AYDINLATMA-LEDBAR-SERITLED-MODUL-LED-300x270.jpg 300w, https:\/\/modulux.com.tr\/en\/wp-content\/uploads\/2018\/10\/MODULUX-GIZLI-AYDINLATMA-LEDBAR-SERITLED-MODUL-LED-768x690.jpg 768w\" sizes=\"auto, (max-width: 1000px) 100vw, 1000px\" \/><br \/>\nUSE WHATSAPP LINE FOR YOUR ORDERS<\/p>\n","protected":false},"excerpt":{"rendered":"<p>Volt : 12v &#8211; 24v<br \/>\nWatt\/mt : 14.4watt<br \/>\nCCT : 2700k &#8211; 3000k &#8211; 4000k &#8211; 6500k<\/p>\n<p>Sipari\u015f ve detayl\u0131 bilgi i\u00e7in l\u00fctfen aray\u0131n\u0131z.<\/p>\n","protected":false},"featured_media":259,"comment_status":"open","ping_status":"closed","template":"","meta":{"_monsterinsights_skip_tracking":false,"_monsterinsights_sitenote_active":false,"_monsterinsights_sitenote_note":"","_monsterinsights_sitenote_category":0},"product_cat":[108],"product_tag":[70,73,74,107,118,130,198],"class_list":["post-260","product","type-product","status-publish","has-post-thumbnail","hentry","product_cat-ledbar-luminaires","product_tag-aydinlatma","product_tag-bar","product_tag-barled","product_tag-gizli-aydinlatma","product_tag-led","product_tag-ledbar","product_tag-seritled"],"_links":{"self":[{"href":"https:\/\/modulux.com.tr\/en\/wp-json\/wp\/v2\/product\/260","targetHints":{"allow":["GET"]}}],"collection":[{"href":"https:\/\/modulux.com.tr\/en\/wp-json\/wp\/v2\/product"}],"about":[{"href":"https:\/\/modulux.com.tr\/en\/wp-json\/wp\/v2\/types\/product"}],"replies":[{"embeddable":true,"href":"https:\/\/modulux.com.tr\/en\/wp-json\/wp\/v2\/comments?post=260"}],"wp:featuredmedia":[{"embeddable":true,"href":"https:\/\/modulux.com.tr\/en\/wp-json\/wp\/v2\/media\/259"}],"wp:attachment":[{"href":"https:\/\/modulux.com.tr\/en\/wp-json\/wp\/v2\/media?parent=260"}],"wp:term":[{"taxonomy":"product_cat","embeddable":true,"href":"https:\/\/modulux.com.tr\/en\/wp-json\/wp\/v2\/product_cat?post=260"},{"taxonomy":"product_tag","embeddable":true,"href":"https:\/\/modulux.com.tr\/en\/wp-json\/wp\/v2\/product_tag?post=260"}],"curies":[{"name":"wp","href":"https:\/\/api.w.org\/{rel}","templated":true}]}}