{"id":552,"date":"2020-12-27T17:19:32","date_gmt":"2020-12-27T14:19:32","guid":{"rendered":"https:\/\/modulux.com.tr\/?post_type=product&amp;p=309"},"modified":"2020-12-27T17:19:32","modified_gmt":"2020-12-27T14:19:32","slug":"laser-blade-5-hls24x30-03adp05-2","status":"publish","type":"product","link":"https:\/\/modulux.com.tr\/en\/product\/laser-blade-5-hls24x30-03adp05-2\/","title":{"rendered":"LASER BLADE 5 &#8211; HLS24X30-03ADP05"},"content":{"rendered":"<p><img loading=\"lazy\" decoding=\"async\" class=\"alignnone size-full wp-image-310\" src=\"https:\/\/modulux.com.tr\/en\/wp-content\/uploads\/2020\/12\/LASERBLADE-5-1.jpg\" alt=\"\" width=\"2339\" height=\"1654\" srcset=\"https:\/\/modulux.com.tr\/en\/wp-content\/uploads\/2020\/12\/LASERBLADE-5-1.jpg 2339w, https:\/\/modulux.com.tr\/en\/wp-content\/uploads\/2020\/12\/LASERBLADE-5-1-600x424.jpg 600w, https:\/\/modulux.com.tr\/en\/wp-content\/uploads\/2020\/12\/LASERBLADE-5-1-300x212.jpg 300w, https:\/\/modulux.com.tr\/en\/wp-content\/uploads\/2020\/12\/LASERBLADE-5-1-1024x724.jpg 1024w, https:\/\/modulux.com.tr\/en\/wp-content\/uploads\/2020\/12\/LASERBLADE-5-1-768x543.jpg 768w, https:\/\/modulux.com.tr\/en\/wp-content\/uploads\/2020\/12\/LASERBLADE-5-1-1536x1086.jpg 1536w, https:\/\/modulux.com.tr\/en\/wp-content\/uploads\/2020\/12\/LASERBLADE-5-1-2048x1448.jpg 2048w\" sizes=\"auto, (max-width: 2339px) 100vw, 2339px\" \/>\u00a0 \u00a0 \u00a0 \u00a0 \u00a0 \u00a0 \u00a0 \u00a0 \u00a0 \u00a0 \u00a0 \u00a0 \u00a0 \u00a0 \u00a0 \u00a0 \u00a0 \u00a0 \u00a0 \u00a0 \u00a0 \u00a0 \u00a0 \u00a0 \u00a0 \u00a0 \u00a0 \u00a0 \u00a0 \u00a0 \u00a0 \u00a0 \u00a0 \u00a0 \u00a0 \u00a0 \u00a0 \u00a0 \u00a0 \u00a0 \u00a0 \u00a0S\u0130PAR\u0130\u015e \u0130\u00c7\u0130N ARAYINIZ<\/p>\n","protected":false},"excerpt":{"rendered":"<p>\u00a0 \u00a0 \u00a0 \u00a0 \u00a0 \u00a0 \u00a0 \u00a0 \u00a0 \u00a0 \u00a0 \u00a0 \u00a0 \u00a0 \u00a0 \u00a0 \u00a0 \u00a0 \u00a0 \u00a0 \u00a0 \u00a0 \u00a0 \u00a0 \u00a0 \u00a0 \u00a0 \u00a0 \u00a0 \u00a0 \u00a0 \u00a0 \u00a0 \u00a0 \u00a0 \u00a0 \u00a0 \u00a0 \u00a0 \u00a0 \u00a0 \u00a0S\u0130PAR\u0130\u015e \u0130\u00c7\u0130N ARAYINIZ<\/p>\n","protected":false},"featured_media":310,"comment_status":"open","ping_status":"closed","template":"","meta":{"_monsterinsights_skip_tracking":false,"_monsterinsights_sitenote_active":false,"_monsterinsights_sitenote_note":"","_monsterinsights_sitenote_category":0},"product_cat":[106,109],"product_tag":[56,77,115,117,176],"class_list":["post-552","product","type-product","status-publish","has-post-thumbnail","hentry","product_cat-genel","product_cat-hp-led-modules","product_tag-5-ledli","product_tag-cree","product_tag-laser-blade-5","product_tag-laserblade","product_tag-powerled"],"_links":{"self":[{"href":"https:\/\/modulux.com.tr\/en\/wp-json\/wp\/v2\/product\/552","targetHints":{"allow":["GET"]}}],"collection":[{"href":"https:\/\/modulux.com.tr\/en\/wp-json\/wp\/v2\/product"}],"about":[{"href":"https:\/\/modulux.com.tr\/en\/wp-json\/wp\/v2\/types\/product"}],"replies":[{"embeddable":true,"href":"https:\/\/modulux.com.tr\/en\/wp-json\/wp\/v2\/comments?post=552"}],"wp:featuredmedia":[{"embeddable":true,"href":"https:\/\/modulux.com.tr\/en\/wp-json\/wp\/v2\/media\/310"}],"wp:attachment":[{"href":"https:\/\/modulux.com.tr\/en\/wp-json\/wp\/v2\/media?parent=552"}],"wp:term":[{"taxonomy":"product_cat","embeddable":true,"href":"https:\/\/modulux.com.tr\/en\/wp-json\/wp\/v2\/product_cat?post=552"},{"taxonomy":"product_tag","embeddable":true,"href":"https:\/\/modulux.com.tr\/en\/wp-json\/wp\/v2\/product_tag?post=552"}],"curies":[{"name":"wp","href":"https:\/\/api.w.org\/{rel}","templated":true}]}}